{"id":229,"date":"2015-08-10T10:37:55","date_gmt":"2015-08-10T08:37:55","guid":{"rendered":"http:\/\/pariscapitale.com\/en\/plan-du-site\/"},"modified":"2024-03-13T19:43:13","modified_gmt":"2024-03-13T18:43:13","slug":"parismagazine","status":"publish","type":"page","link":"https:\/\/pariscapitale.com\/en\/parismagazine\/","title":{"rendered":"Paris Capitale magazine"},"content":{"rendered":"<h5>Paris Capitale n\u2019est pas seulement le miroir de la ville de notre vie, il est aussi et surtout une parcelle de son \u00e2me, que l\u2019on trouve au fil des mois dans un contenu r\u00e9dactionnel dense qui pr\u00e9c\u00e8de l\u2019actualit\u00e9 culturelle et participe au rayonnement de Paris.<\/h5>\n<h5>Magazine de mode de vie depuis 1985, Paris Capitale traite dans chaque num\u00e9ro les expos, les spectacles, la mode, les gens qui font Paris \u2013 et ceux qui, parfois, d\u00e9font ce qui a \u00e9t\u00e9 fait \u2013 mais aussi l\u2019histoire de Paris d\u2019hier \u00e0 aujourd\u2019hui : le tout formant le c\u0153ur vibrant de ce magazine g\u00e9n\u00e9raliste haut de gamme et ind\u00e9pendant\u2026 sp\u00e9cialis\u00e9 sur Paris.<\/h5>\n<h4><em><strong>Notre lectorat<\/strong><\/em><\/h4>\n<h5>Des Parisiens curieux de d\u00e9couvrir les richesses de leur ville et d\u2019en profiter, mais aussi des \u00e9trangers et des provinciaux qui voient \u2028Paris avec les yeux de l\u2019amour\u2026\u00a0 Notre formule ? \u2028Par son ton, Paris Capitale a trouv\u00e9 une place toute naturelle et unique dans le paysage de la presse haut de gamme en \u00e9tant l\u2019antith\u00e8se des m\u00e9dias audiovisuels et des titres grand public.Paris Capitale est un m\u00e9dia de proximit\u00e9 o\u00f9 l\u2019on va de d\u00e9couvertes en surprises et de rencontres insolites en coups de c\u0153ur.<\/h5>\n<h4><em>Diffusion &amp; publicit\u00e9<\/em><\/h4>\n<h5>Paris Capitale est vendu en kiosque et sur abonnement.Paris Capitale parait tous les mois (sauf les num\u00e9ros coupl\u00e9s de juillet\/ao\u00fbt et d\u00e9cembre-janvier).<\/h5>\n<h5>Paris Capitale est le magazine leader dans l&#8217;h\u00f4tellerie en France acec plus de 170 h\u00f4tels 4 &amp; 5 \u00e9toiles partenaires qui offrent Paris Capitale dans les plus beaux h\u00f4tels de Paris (Ritz, Plaza Ath\u00e9n\u00e9e, Meurice, Park Hyatt, Peninsula Paris, Mandarin Oriental Paris&#8230;)<\/h5>\n<h5>Notre r\u00e9gie publicitaire int\u00e9gr\u00e9e est \u00e0 votre \u00e9coute pour toutes vos campagnes print &amp; digitale.<\/h5>\n<h4><em>Au menu, chaque mois, d\u00e9couvrez :<\/em><\/h4>\n<h5>&#8211; L\u2019agenda : 8 semaines de spectacles \u00e0 Paris (th\u00e9\u00e2tre,\u2028danse, musique classique, jazz, rock, vari\u00e9t\u00e9s, expos).\u2028C\u2019est Paris, capitale de la culture, dans un magazine.<\/h5>\n<h5>&#8211; O\u00f9 sortir \u00e0 Paris ?\u202870 adresses de restaurants, bars et bo\u00eetes de nuit (&#8230;) trait\u00e9es en toute libert\u00e9.<\/h5>\n<h5>&#8211; Quoi de neuf \u00e0 Paris ?\u2028Un cahier de 16 \u00e0 20 pages pour tout savoir sur tout ce qui bouge, change, transforme la vie des Parisiens (boutiques, installations culturelles, h\u00f4tels&#8230;).<\/h5>\n<h5>&#8211; Actualit\u00e9\u2028Interviews, enqu\u00eates, close-up : les artistes, \u00e9crivains, architectes, designers, urbanistes, tous ceux qui nourrissent l\u2019imaginaire par un bouillonnement d\u2019images et d\u2019\u00e9motions, participent \u00e0 la vitalit\u00e9 de Paris Capitale.<\/h5>\n<h5>\u2028- Dossiers \u201cluxe &amp; lifestyle\u201d\u2028Joaillerie, montres, champagnes, stylos\u2026 Tous les mois, retrouvez les plus belles marques qui font de Paris la capitale du luxe.<\/h5>\n<h5>&#8211; Mode, d\u00e9fil\u00e9s, nouvelles boutiques, tendances, cr\u00e9ateurs\u2026 Paris \u2028Capitale est le magazine qui fait vivre la mode dans le c\u0153ur des Parisiens.<\/h5>\n<h5><\/h5>\n<h4><em>Culture<\/em><\/h4>\n<h5>Quelle autre ville au monde peut se pr\u00e9valoir d\u2019une telle diversit\u00e9 culturelle et artistique ? Peintres, \u00e9crivains, musiciens, stylistes, artisans du monde entier ont toujours fait de Paris la capitale de leur c\u0153ur. Avec plusieurs centaines de concerts, d\u2019expos et d\u2019\u00e9v\u00e9nements culturels, Paris est la ville la plus dynamique de la plan\u00e8te sur le plan culturel. En cr\u00e9ant un pont entre la culture et le luxe, Paris Capitale est le magazine haut de gamme qui a su cr\u00e9er un axe transversal entre ces deux univers.<\/h5>\n<h5><\/h5>\n<h4><em>Art de vivre<\/em><\/h4>\n<h5>Paris Capitale de l\u2019art de vivre\u2026 \u00e0 la fran\u00e7aise !\u2028 Pour beaucoup de Fran\u00e7ais et d\u2019\u00e9trangers, Paris incarne l\u2019art de vivre \u00e0 la fran\u00e7aise. Avec des sujets sur l\u2019architecture, le design, la gastronomie, le champagne, les produits de luxe, Paris Capitale est le miroir de cet art de vivre que le monde entier nous envie. L\u2019\u00e9l\u00e9gance, le style et le savoir-vivre sont pour nous de v\u00e9ritables valeurs.<\/h5>\n<h5><\/h5>\n<h4><em>Luxe<\/em><\/h4>\n<h5>Si le luxe est le plus souvent associ\u00e9 \u00e0 un univers inaccessible au commun des mortels, Paris Capitale met en pratique l\u2019adage de Coco Chanel : \u201cLe luxe, ce n\u2019est pas le contraire de la pauvret\u00e9, c\u2019est le contraire de la vulgarit\u00e9.\u201d Paris Capitale affirme le droit au r\u00eave \u00e0 la port\u00e9e de tous ses lecteurs \u00e0 travers un concept o\u00f9 la mode, la joaillerie, l\u2019horlogerie (&#8230;) sont de purs produits de talent.<\/h5>\n","protected":false},"excerpt":{"rendered":"<p>Paris Capitale n\u2019est pas seulement le miroir de la ville de notre vie, il est aussi et surtout une parcelle de son \u00e2me, que l\u2019on trouve au fil des mois dans un contenu r\u00e9dactionnel dense qui pr\u00e9c\u00e8de l\u2019actualit\u00e9 culturelle et participe au rayonnement de Paris. Magazine de mode de vie depuis 1985, Paris Capitale traite [&hellip;]<\/p>\n","protected":false},"author":1,"featured_media":0,"parent":0,"menu_order":0,"comment_status":"closed","ping_status":"closed","template":"","meta":{"footnotes":""},"class_list":["post-229","page","type-page","status-publish","hentry"],"acf":[],"aioseo_notices":[],"_links":{"self":[{"href":"https:\/\/pariscapitale.com\/en\/wp-json\/wp\/v2\/pages\/229"}],"collection":[{"href":"https:\/\/pariscapitale.com\/en\/wp-json\/wp\/v2\/pages"}],"about":[{"href":"https:\/\/pariscapitale.com\/en\/wp-json\/wp\/v2\/types\/page"}],"author":[{"embeddable":true,"href":"https:\/\/pariscapitale.com\/en\/wp-json\/wp\/v2\/users\/1"}],"replies":[{"embeddable":true,"href":"https:\/\/pariscapitale.com\/en\/wp-json\/wp\/v2\/comments?post=229"}],"version-history":[{"count":3,"href":"https:\/\/pariscapitale.com\/en\/wp-json\/wp\/v2\/pages\/229\/revisions"}],"predecessor-version":[{"id":387296,"href":"https:\/\/pariscapitale.com\/en\/wp-json\/wp\/v2\/pages\/229\/revisions\/387296"}],"wp:attachment":[{"href":"https:\/\/pariscapitale.com\/en\/wp-json\/wp\/v2\/media?parent=229"}],"curies":[{"name":"wp","href":"https:\/\/api.w.org\/{rel}","templated":true}]}}